{"id":120,"date":"2019-07-29T07:54:43","date_gmt":"2019-07-29T07:54:43","guid":{"rendered":"https:\/\/demosites.io\/wedding\/?page_id=11"},"modified":"2021-03-09T14:53:14","modified_gmt":"2021-03-09T14:53:14","slug":"servicios","status":"publish","type":"page","link":"https:\/\/carryyou.es\/index.php\/servicios\/","title":{"rendered":"Servicios"},"content":{"rendered":"\t\t<div data-elementor-type=\"wp-post\" data-elementor-id=\"120\" class=\"elementor elementor-120\">\n\t\t\t\t\t\t\t\t\t<section class=\"elementor-section elementor-top-section elementor-element elementor-element-787b54f elementor-section-boxed elementor-section-height-default elementor-section-height-default\" data-id=\"787b54f\" data-element_type=\"section\" data-settings=\"{&quot;background_background&quot;:&quot;classic&quot;}\">\n\t\t\t\t\t\t\t<div class=\"elementor-background-overlay\"><\/div>\n\t\t\t\t\t\t\t<div class=\"elementor-container elementor-column-gap-default\">\n\t\t\t\t\t<div class=\"elementor-column elementor-col-100 elementor-top-column elementor-element elementor-element-f3d90e1\" data-id=\"f3d90e1\" data-element_type=\"column\">\n\t\t\t<div class=\"elementor-widget-wrap elementor-element-populated\">\n\t\t\t\t\t\t\t\t<section class=\"elementor-section elementor-inner-section elementor-element elementor-element-88d8ba0 elementor-section-boxed elementor-section-height-default elementor-section-height-default\" data-id=\"88d8ba0\" data-element_type=\"section\">\n\t\t\t\t\t\t<div class=\"elementor-container elementor-column-gap-default\">\n\t\t\t\t\t<div class=\"elementor-column elementor-col-100 elementor-inner-column elementor-element elementor-element-fc61b70\" data-id=\"fc61b70\" data-element_type=\"column\">\n\t\t\t<div class=\"elementor-widget-wrap elementor-element-populated\">\n\t\t\t\t\t\t\t\t<div class=\"elementor-element elementor-element-91e94ce elementor-widget elementor-widget-heading\" data-id=\"91e94ce\" data-element_type=\"widget\" data-widget_type=\"heading.default\">\n\t\t\t\t<div class=\"elementor-widget-container\">\n\t\t\t<h1 class=\"elementor-heading-title elementor-size-default\">Servicios<\/h1>\t\t<\/div>\n\t\t\t\t<\/div>\n\t\t\t\t<div class=\"elementor-element elementor-element-2dcb374 elementor-widget-divider--view-line elementor-widget elementor-widget-divider\" data-id=\"2dcb374\" data-element_type=\"widget\" data-widget_type=\"divider.default\">\n\t\t\t\t<div class=\"elementor-widget-container\">\n\t\t\t\t\t<div class=\"elementor-divider\">\n\t\t\t<span class=\"elementor-divider-separator\">\n\t\t\t\t\t\t<\/span>\n\t\t<\/div>\n\t\t\t\t<\/div>\n\t\t\t\t<\/div>\n\t\t\t\t\t<\/div>\n\t\t<\/div>\n\t\t\t\t\t\t\t<\/div>\n\t\t<\/section>\n\t\t\t\t\t<\/div>\n\t\t<\/div>\n\t\t\t\t\t\t\t<\/div>\n\t\t<\/section>\n\t\t\t\t<section class=\"elementor-section elementor-top-section elementor-element elementor-element-081ddf0 elementor-section-boxed elementor-section-height-default elementor-section-height-default\" data-id=\"081ddf0\" data-element_type=\"section\" data-settings=\"{&quot;background_background&quot;:&quot;classic&quot;}\">\n\t\t\t\t\t\t<div class=\"elementor-container elementor-column-gap-default\">\n\t\t\t\t\t<div class=\"elementor-column elementor-col-100 elementor-top-column elementor-element elementor-element-43c6ff9\" data-id=\"43c6ff9\" data-element_type=\"column\">\n\t\t\t<div class=\"elementor-widget-wrap\">\n\t\t\t\t\t\t\t\t\t<\/div>\n\t\t<\/div>\n\t\t\t\t\t\t\t<\/div>\n\t\t<\/section>\n\t\t\t\t<section class=\"elementor-section elementor-top-section elementor-element elementor-element-e972593 elementor-section-boxed elementor-section-height-default elementor-section-height-default\" data-id=\"e972593\" data-element_type=\"section\" data-settings=\"{&quot;background_background&quot;:&quot;classic&quot;}\">\n\t\t\t\t\t\t<div class=\"elementor-container elementor-column-gap-default\">\n\t\t\t\t\t<div class=\"elementor-column elementor-col-100 elementor-top-column elementor-element elementor-element-fd56ea5\" data-id=\"fd56ea5\" data-element_type=\"column\">\n\t\t\t<div class=\"elementor-widget-wrap elementor-element-populated\">\n\t\t\t\t\t\t\t\t<section class=\"elementor-section elementor-inner-section elementor-element elementor-element-6f2930f elementor-section-content-middle elementor-section-boxed elementor-section-height-default elementor-section-height-default\" data-id=\"6f2930f\" data-element_type=\"section\">\n\t\t\t\t\t\t<div class=\"elementor-container elementor-column-gap-default\">\n\t\t\t\t\t<div class=\"elementor-column elementor-col-50 elementor-inner-column elementor-element elementor-element-8d08903\" data-id=\"8d08903\" data-element_type=\"column\" data-settings=\"{&quot;background_background&quot;:&quot;classic&quot;}\">\n\t\t\t<div class=\"elementor-widget-wrap elementor-element-populated\">\n\t\t\t\t\t\t\t\t<div class=\"elementor-element elementor-element-76d0f72 elementor-widget elementor-widget-heading\" data-id=\"76d0f72\" data-element_type=\"widget\" data-widget_type=\"heading.default\">\n\t\t\t\t<div class=\"elementor-widget-container\">\n\t\t\t<h2 class=\"elementor-heading-title elementor-size-default\">Bodas<\/h2>\t\t<\/div>\n\t\t\t\t<\/div>\n\t\t\t\t<div class=\"elementor-element elementor-element-9c5c58c elementor-widget-divider--view-line elementor-widget elementor-widget-divider\" data-id=\"9c5c58c\" data-element_type=\"widget\" data-widget_type=\"divider.default\">\n\t\t\t\t<div class=\"elementor-widget-container\">\n\t\t\t\t\t<div class=\"elementor-divider\">\n\t\t\t<span class=\"elementor-divider-separator\">\n\t\t\t\t\t\t<\/span>\n\t\t<\/div>\n\t\t\t\t<\/div>\n\t\t\t\t<\/div>\n\t\t\t\t<div class=\"elementor-element elementor-element-aa27948 elementor-widget elementor-widget-text-editor\" data-id=\"aa27948\" data-element_type=\"widget\" data-widget_type=\"text-editor.default\">\n\t\t\t\t<div class=\"elementor-widget-container\">\n\t\t\t\t\t\t\t<p>\u00bfQuer\u00e9is marcar la diferencia a\u00f1adiendo un plus de elegancia a vuestra celebraci\u00f3n? \u00a1Con Carry You lo ten\u00e9is f\u00e1cil! Nuestra empresa pone a vuestro alcance la posibilidad de alquilar una joya que os ayudar\u00e1 a realizar todos los desplazamientos del d\u00eda de vuestra boda con comodidad y mucho glamour.<\/p><p>El servicio de Boda incluir\u00eda:<\/p><ul><li>Desplazamiento hasta el lugar donde se encuentre la novia una hora antes de la ceremonia.\u00a0<\/li><li>Desplazamiento hasta el lugar de la ceremonia de novia y padrino.<\/li><li>Sesi\u00f3n de fotos y viaje hasta el lugar de la celebraci\u00f3n.<\/li><li>Coche decorado para la ocasi\u00f3n.<\/li><li>Ch\u00f3fer perfectamente uniformado para la ocasi\u00f3n.<\/li><li>Grabaci\u00f3n de todo el recorrido con GoPro (consultar).<\/li><\/ul>\t\t\t\t\t\t<\/div>\n\t\t\t\t<\/div>\n\t\t\t\t\t<\/div>\n\t\t<\/div>\n\t\t\t\t<div class=\"elementor-column elementor-col-50 elementor-inner-column elementor-element elementor-element-667e5e5\" data-id=\"667e5e5\" data-element_type=\"column\">\n\t\t\t<div class=\"elementor-widget-wrap elementor-element-populated\">\n\t\t\t\t\t\t\t\t<div class=\"elementor-element elementor-element-3a7029d elementor-widget elementor-widget-image\" data-id=\"3a7029d\" data-element_type=\"widget\" data-widget_type=\"image.default\">\n\t\t\t\t<div class=\"elementor-widget-container\">\n\t\t\t\t\t\t\t\t\t\t\t\t\t\t\t<img loading=\"lazy\" decoding=\"async\" width=\"1024\" height=\"918\" src=\"https:\/\/carryyou.es\/wp-content\/uploads\/2021\/03\/image-1024x918.jpg\" class=\"attachment-large size-large\" alt=\"\" srcset=\"https:\/\/carryyou.es\/wp-content\/uploads\/2021\/03\/image-1024x918.jpg 1024w, https:\/\/carryyou.es\/wp-content\/uploads\/2021\/03\/image-300x269.jpg 300w, https:\/\/carryyou.es\/wp-content\/uploads\/2021\/03\/image-768x688.jpg 768w, https:\/\/carryyou.es\/wp-content\/uploads\/2021\/03\/image-1536x1376.jpg 1536w, https:\/\/carryyou.es\/wp-content\/uploads\/2021\/03\/image-2048x1835.jpg 2048w, https:\/\/carryyou.es\/wp-content\/uploads\/2021\/03\/image-24x22.jpg 24w, https:\/\/carryyou.es\/wp-content\/uploads\/2021\/03\/image-36x32.jpg 36w, https:\/\/carryyou.es\/wp-content\/uploads\/2021\/03\/image-48x43.jpg 48w\" sizes=\"(max-width: 1024px) 100vw, 1024px\" \/>\t\t\t\t\t\t\t\t\t\t\t\t\t\t\t<\/div>\n\t\t\t\t<\/div>\n\t\t\t\t\t<\/div>\n\t\t<\/div>\n\t\t\t\t\t\t\t<\/div>\n\t\t<\/section>\n\t\t\t\t<section class=\"elementor-section elementor-inner-section elementor-element elementor-element-975e9bf elementor-section-content-middle elementor-section-boxed elementor-section-height-default elementor-section-height-default\" data-id=\"975e9bf\" data-element_type=\"section\">\n\t\t\t\t\t\t<div class=\"elementor-container elementor-column-gap-default\">\n\t\t\t\t\t<div class=\"elementor-column elementor-col-50 elementor-inner-column elementor-element elementor-element-bf772cb\" data-id=\"bf772cb\" data-element_type=\"column\">\n\t\t\t<div class=\"elementor-widget-wrap elementor-element-populated\">\n\t\t\t\t\t\t\t\t<div class=\"elementor-element elementor-element-4a41d1f elementor-widget elementor-widget-image\" data-id=\"4a41d1f\" data-element_type=\"widget\" data-widget_type=\"image.default\">\n\t\t\t\t<div class=\"elementor-widget-container\">\n\t\t\t\t\t\t\t\t\t\t\t\t\t\t\t<img loading=\"lazy\" decoding=\"async\" width=\"1024\" height=\"1022\" src=\"https:\/\/carryyou.es\/wp-content\/uploads\/2021\/03\/Captura-2021-03-05-a-las-14.03.35-1024x1022.png\" class=\"attachment-large size-large\" alt=\"\" srcset=\"https:\/\/carryyou.es\/wp-content\/uploads\/2021\/03\/Captura-2021-03-05-a-las-14.03.35-1024x1022.png 1024w, https:\/\/carryyou.es\/wp-content\/uploads\/2021\/03\/Captura-2021-03-05-a-las-14.03.35-300x300.png 300w, https:\/\/carryyou.es\/wp-content\/uploads\/2021\/03\/Captura-2021-03-05-a-las-14.03.35-150x150.png 150w, https:\/\/carryyou.es\/wp-content\/uploads\/2021\/03\/Captura-2021-03-05-a-las-14.03.35-768x767.png 768w, https:\/\/carryyou.es\/wp-content\/uploads\/2021\/03\/Captura-2021-03-05-a-las-14.03.35-24x24.png 24w, https:\/\/carryyou.es\/wp-content\/uploads\/2021\/03\/Captura-2021-03-05-a-las-14.03.35-36x36.png 36w, https:\/\/carryyou.es\/wp-content\/uploads\/2021\/03\/Captura-2021-03-05-a-las-14.03.35-48x48.png 48w, https:\/\/carryyou.es\/wp-content\/uploads\/2021\/03\/Captura-2021-03-05-a-las-14.03.35.png 1242w\" sizes=\"(max-width: 1024px) 100vw, 1024px\" \/>\t\t\t\t\t\t\t\t\t\t\t\t\t\t\t<\/div>\n\t\t\t\t<\/div>\n\t\t\t\t\t<\/div>\n\t\t<\/div>\n\t\t\t\t<div class=\"elementor-column elementor-col-50 elementor-inner-column elementor-element elementor-element-20f5af8\" data-id=\"20f5af8\" data-element_type=\"column\" data-settings=\"{&quot;background_background&quot;:&quot;classic&quot;}\">\n\t\t\t<div class=\"elementor-widget-wrap elementor-element-populated\">\n\t\t\t\t\t\t\t\t<div class=\"elementor-element elementor-element-7adfee5 elementor-widget elementor-widget-heading\" data-id=\"7adfee5\" data-element_type=\"widget\" data-widget_type=\"heading.default\">\n\t\t\t\t<div class=\"elementor-widget-container\">\n\t\t\t<h2 class=\"elementor-heading-title elementor-size-default\">Eventos<\/h2>\t\t<\/div>\n\t\t\t\t<\/div>\n\t\t\t\t<div class=\"elementor-element elementor-element-099da60 elementor-widget-divider--view-line elementor-widget elementor-widget-divider\" data-id=\"099da60\" data-element_type=\"widget\" data-widget_type=\"divider.default\">\n\t\t\t\t<div class=\"elementor-widget-container\">\n\t\t\t\t\t<div class=\"elementor-divider\">\n\t\t\t<span class=\"elementor-divider-separator\">\n\t\t\t\t\t\t<\/span>\n\t\t<\/div>\n\t\t\t\t<\/div>\n\t\t\t\t<\/div>\n\t\t\t\t<div class=\"elementor-element elementor-element-92939dc elementor-widget elementor-widget-text-editor\" data-id=\"92939dc\" data-element_type=\"widget\" data-widget_type=\"text-editor.default\">\n\t\t\t\t<div class=\"elementor-widget-container\">\n\t\t\t\t\t\t\t<p>Haz que tu evento sea m\u00e1s impactante y diferente con la presencia de nuestros impresionantes veh\u00edculos que no pasar\u00e1n desapercibidos ante los ojos de nadie.<\/p><p>Realizamos todo tipo de eventos de car\u00e1cter p\u00fablico o privado empresa, etc. y te asesoraremos cual es tu veh\u00edculo ideal.<\/p><p>Cons\u00faltanos sin compromiso.<\/p>\t\t\t\t\t\t<\/div>\n\t\t\t\t<\/div>\n\t\t\t\t\t<\/div>\n\t\t<\/div>\n\t\t\t\t\t\t\t<\/div>\n\t\t<\/section>\n\t\t\t\t<section class=\"elementor-section elementor-inner-section elementor-element elementor-element-97d579f elementor-section-content-middle elementor-reverse-mobile elementor-section-boxed elementor-section-height-default elementor-section-height-default\" data-id=\"97d579f\" data-element_type=\"section\">\n\t\t\t\t\t\t<div class=\"elementor-container elementor-column-gap-default\">\n\t\t\t\t\t<div class=\"elementor-column elementor-col-50 elementor-inner-column elementor-element elementor-element-6c9c443\" data-id=\"6c9c443\" data-element_type=\"column\" data-settings=\"{&quot;background_background&quot;:&quot;classic&quot;}\">\n\t\t\t<div class=\"elementor-widget-wrap elementor-element-populated\">\n\t\t\t\t\t\t\t\t<div class=\"elementor-element elementor-element-bf6c4fa elementor-widget elementor-widget-heading\" data-id=\"bf6c4fa\" data-element_type=\"widget\" data-widget_type=\"heading.default\">\n\t\t\t\t<div class=\"elementor-widget-container\">\n\t\t\t<h2 class=\"elementor-heading-title elementor-size-default\">Publicidad y Fotograf\u00eda<\/h2>\t\t<\/div>\n\t\t\t\t<\/div>\n\t\t\t\t<div class=\"elementor-element elementor-element-8306307 elementor-widget-divider--view-line elementor-widget elementor-widget-divider\" data-id=\"8306307\" data-element_type=\"widget\" data-widget_type=\"divider.default\">\n\t\t\t\t<div class=\"elementor-widget-container\">\n\t\t\t\t\t<div class=\"elementor-divider\">\n\t\t\t<span class=\"elementor-divider-separator\">\n\t\t\t\t\t\t<\/span>\n\t\t<\/div>\n\t\t\t\t<\/div>\n\t\t\t\t<\/div>\n\t\t\t\t<div class=\"elementor-element elementor-element-48b908e elementor-widget elementor-widget-text-editor\" data-id=\"48b908e\" data-element_type=\"widget\" data-widget_type=\"text-editor.default\">\n\t\t\t\t<div class=\"elementor-widget-container\">\n\t\t\t\t\t\t\t<p>Nuestros veh\u00edculos ofrecen una experiencia exclusiva y diferente en campa\u00f1as de Publicidad y Fotograf\u00eda.<br \/>Son un elemento ideal como pop-up store o street marketing.<\/p><p style=\"text-align: center;\"><em><strong>&#8220;Lo Cl\u00e1sico siempre permanece&#8221;\u00a0<\/strong><\/em><\/p>\t\t\t\t\t\t<\/div>\n\t\t\t\t<\/div>\n\t\t\t\t\t<\/div>\n\t\t<\/div>\n\t\t\t\t<div class=\"elementor-column elementor-col-50 elementor-inner-column elementor-element elementor-element-ab075b4\" data-id=\"ab075b4\" data-element_type=\"column\">\n\t\t\t<div class=\"elementor-widget-wrap elementor-element-populated\">\n\t\t\t\t\t\t\t\t<div class=\"elementor-element elementor-element-b535211 elementor-widget elementor-widget-image\" data-id=\"b535211\" data-element_type=\"widget\" data-widget_type=\"image.default\">\n\t\t\t\t<div class=\"elementor-widget-container\">\n\t\t\t\t\t\t\t\t\t\t\t\t\t\t\t<img loading=\"lazy\" decoding=\"async\" width=\"1024\" height=\"806\" src=\"https:\/\/carryyou.es\/wp-content\/uploads\/2021\/03\/Captura-2021-03-08-a-las-18.06.19-1024x806.png\" class=\"attachment-large size-large\" alt=\"\" srcset=\"https:\/\/carryyou.es\/wp-content\/uploads\/2021\/03\/Captura-2021-03-08-a-las-18.06.19-1024x806.png 1024w, https:\/\/carryyou.es\/wp-content\/uploads\/2021\/03\/Captura-2021-03-08-a-las-18.06.19-300x236.png 300w, https:\/\/carryyou.es\/wp-content\/uploads\/2021\/03\/Captura-2021-03-08-a-las-18.06.19-768x604.png 768w, https:\/\/carryyou.es\/wp-content\/uploads\/2021\/03\/Captura-2021-03-08-a-las-18.06.19-24x19.png 24w, https:\/\/carryyou.es\/wp-content\/uploads\/2021\/03\/Captura-2021-03-08-a-las-18.06.19-36x28.png 36w, https:\/\/carryyou.es\/wp-content\/uploads\/2021\/03\/Captura-2021-03-08-a-las-18.06.19-48x38.png 48w, https:\/\/carryyou.es\/wp-content\/uploads\/2021\/03\/Captura-2021-03-08-a-las-18.06.19.png 1173w\" sizes=\"(max-width: 1024px) 100vw, 1024px\" \/>\t\t\t\t\t\t\t\t\t\t\t\t\t\t\t<\/div>\n\t\t\t\t<\/div>\n\t\t\t\t\t<\/div>\n\t\t<\/div>\n\t\t\t\t\t\t\t<\/div>\n\t\t<\/section>\n\t\t\t\t<section class=\"elementor-section elementor-inner-section elementor-element elementor-element-65e5ac2 elementor-section-content-middle elementor-section-boxed elementor-section-height-default elementor-section-height-default\" data-id=\"65e5ac2\" data-element_type=\"section\">\n\t\t\t\t\t\t<div class=\"elementor-container elementor-column-gap-default\">\n\t\t\t\t\t<div class=\"elementor-column elementor-col-50 elementor-inner-column elementor-element elementor-element-0290adf\" data-id=\"0290adf\" data-element_type=\"column\">\n\t\t\t<div class=\"elementor-widget-wrap elementor-element-populated\">\n\t\t\t\t\t\t\t\t<div class=\"elementor-element elementor-element-1093dae elementor-widget elementor-widget-image\" data-id=\"1093dae\" data-element_type=\"widget\" data-widget_type=\"image.default\">\n\t\t\t\t<div class=\"elementor-widget-container\">\n\t\t\t\t\t\t\t\t\t\t\t\t\t\t\t<img loading=\"lazy\" decoding=\"async\" width=\"979\" height=\"540\" src=\"https:\/\/carryyou.es\/wp-content\/uploads\/2021\/03\/DSC_0520-1.jpg\" class=\"attachment-large size-large\" alt=\"\" srcset=\"https:\/\/carryyou.es\/wp-content\/uploads\/2021\/03\/DSC_0520-1.jpg 979w, https:\/\/carryyou.es\/wp-content\/uploads\/2021\/03\/DSC_0520-1-300x165.jpg 300w, https:\/\/carryyou.es\/wp-content\/uploads\/2021\/03\/DSC_0520-1-768x424.jpg 768w, https:\/\/carryyou.es\/wp-content\/uploads\/2021\/03\/DSC_0520-1-24x13.jpg 24w, https:\/\/carryyou.es\/wp-content\/uploads\/2021\/03\/DSC_0520-1-36x20.jpg 36w, https:\/\/carryyou.es\/wp-content\/uploads\/2021\/03\/DSC_0520-1-48x26.jpg 48w\" sizes=\"(max-width: 979px) 100vw, 979px\" \/>\t\t\t\t\t\t\t\t\t\t\t\t\t\t\t<\/div>\n\t\t\t\t<\/div>\n\t\t\t\t\t<\/div>\n\t\t<\/div>\n\t\t\t\t<div class=\"elementor-column elementor-col-50 elementor-inner-column elementor-element elementor-element-84ba792\" data-id=\"84ba792\" data-element_type=\"column\" data-settings=\"{&quot;background_background&quot;:&quot;classic&quot;}\">\n\t\t\t<div class=\"elementor-widget-wrap elementor-element-populated\">\n\t\t\t\t\t\t\t\t<div class=\"elementor-element elementor-element-c8e0f4b elementor-widget elementor-widget-heading\" data-id=\"c8e0f4b\" data-element_type=\"widget\" data-widget_type=\"heading.default\">\n\t\t\t\t<div class=\"elementor-widget-container\">\n\t\t\t<h2 class=\"elementor-heading-title elementor-size-default\">RetroTours<\/h2>\t\t<\/div>\n\t\t\t\t<\/div>\n\t\t\t\t<div class=\"elementor-element elementor-element-8ab70d8 elementor-widget-divider--view-line elementor-widget elementor-widget-divider\" data-id=\"8ab70d8\" data-element_type=\"widget\" data-widget_type=\"divider.default\">\n\t\t\t\t<div class=\"elementor-widget-container\">\n\t\t\t\t\t<div class=\"elementor-divider\">\n\t\t\t<span class=\"elementor-divider-separator\">\n\t\t\t\t\t\t<\/span>\n\t\t<\/div>\n\t\t\t\t<\/div>\n\t\t\t\t<\/div>\n\t\t\t\t<div class=\"elementor-element elementor-element-814bcd8 elementor-widget elementor-widget-text-editor\" data-id=\"814bcd8\" data-element_type=\"widget\" data-widget_type=\"text-editor.default\">\n\t\t\t\t<div class=\"elementor-widget-container\">\n\t\t\t\t\t\t\t<p>Paseate a bordo de un descapotable cl\u00e1sico d\u00e1ndole un toque retro a tu ruta.<br \/>Personalizamos los trayectos tanto en tiempo como en recorrido contando con la compa\u00f1\u00eda de un gu\u00eda cualificado para que vuestro tour sea de lo m\u00e1s cultural y enriquecedor con un aire divertido.<\/p>\t\t\t\t\t\t<\/div>\n\t\t\t\t<\/div>\n\t\t\t\t\t<\/div>\n\t\t<\/div>\n\t\t\t\t\t\t\t<\/div>\n\t\t<\/section>\n\t\t\t\t\t<\/div>\n\t\t<\/div>\n\t\t\t\t\t\t\t<\/div>\n\t\t<\/section>\n\t\t\t\t\t\t\t<\/div>\n\t\t ","protected":false},"excerpt":{"rendered":"<p>Servicios Bodas \u00bfQuer\u00e9is marcar la diferencia a\u00f1adiendo un plus de elegancia a vuestra celebraci\u00f3n? \u00a1Con Carry You lo ten\u00e9is f\u00e1cil! Nuestra empresa pone a vuestro alcance la posibilidad de alquilar una joya que os ayudar\u00e1 a realizar todos los desplazamientos del d\u00eda de vuestra boda con comodidad y mucho glamour. El servicio de Boda incluir\u00eda:&hellip;&nbsp;<a href=\"https:\/\/carryyou.es\/index.php\/servicios\/\" class=\"\" rel=\"bookmark\">Leer m\u00e1s &raquo;<span class=\"screen-reader-text\">Servicios<\/span><\/a><\/p>\n","protected":false},"author":1,"featured_media":0,"parent":0,"menu_order":0,"comment_status":"closed","ping_status":"closed","template":"page-templates\/template-pagebuilder-full-width.php","meta":{"neve_meta_sidebar":"","neve_meta_container":"","neve_meta_enable_content_width":"","neve_meta_content_width":70,"neve_meta_title_alignment":"","neve_meta_author_avatar":"","neve_post_elements_order":"","neve_meta_disable_header":"","neve_meta_disable_footer":"","neve_meta_disable_title":"","_ti_tpc_template_sync":false,"_ti_tpc_template_id":"","footnotes":""},"_links":{"self":[{"href":"https:\/\/carryyou.es\/index.php\/wp-json\/wp\/v2\/pages\/120"}],"collection":[{"href":"https:\/\/carryyou.es\/index.php\/wp-json\/wp\/v2\/pages"}],"about":[{"href":"https:\/\/carryyou.es\/index.php\/wp-json\/wp\/v2\/types\/page"}],"author":[{"embeddable":true,"href":"https:\/\/carryyou.es\/index.php\/wp-json\/wp\/v2\/users\/1"}],"replies":[{"embeddable":true,"href":"https:\/\/carryyou.es\/index.php\/wp-json\/wp\/v2\/comments?post=120"}],"version-history":[{"count":170,"href":"https:\/\/carryyou.es\/index.php\/wp-json\/wp\/v2\/pages\/120\/revisions"}],"predecessor-version":[{"id":966,"href":"https:\/\/carryyou.es\/index.php\/wp-json\/wp\/v2\/pages\/120\/revisions\/966"}],"wp:attachment":[{"href":"https:\/\/carryyou.es\/index.php\/wp-json\/wp\/v2\/media?parent=120"}],"curies":[{"name":"wp","href":"https:\/\/api.w.org\/{rel}","templated":true}]}}