{"id":118,"date":"2019-07-29T05:51:04","date_gmt":"2019-07-29T05:51:04","guid":{"rendered":"https:\/\/demosites.io\/wedding\/?page_id=9"},"modified":"2021-03-09T11:28:22","modified_gmt":"2021-03-09T11:28:22","slug":"3f738-wedding-home","status":"publish","type":"page","link":"https:\/\/carryyou.es\/","title":{"rendered":"Home"},"content":{"rendered":"\t\t<div data-elementor-type=\"wp-post\" data-elementor-id=\"118\" class=\"elementor elementor-118\">\n\t\t\t\t\t\t\t\t\t<section class=\"elementor-section elementor-top-section elementor-element elementor-element-8b19d01 elementor-section-height-min-height elementor-section-boxed elementor-section-height-default elementor-section-items-middle\" data-id=\"8b19d01\" data-element_type=\"section\" data-settings=\"{&quot;background_background&quot;:&quot;slideshow&quot;,&quot;background_slideshow_gallery&quot;:[{&quot;id&quot;:870,&quot;url&quot;:&quot;https:\\\/\\\/carryyou.es\\\/wp-content\\\/uploads\\\/2021\\\/03\\\/dda134b5-e6bc-452f-96ae-7ccfa599951e.jpg&quot;},{&quot;id&quot;:786,&quot;url&quot;:&quot;https:\\\/\\\/carryyou.es\\\/wp-content\\\/uploads\\\/2021\\\/03\\\/AlbayJuanqui0500-1.jpg&quot;},{&quot;id&quot;:861,&quot;url&quot;:&quot;https:\\\/\\\/carryyou.es\\\/wp-content\\\/uploads\\\/2021\\\/03\\\/92598847-541b-4773-9a97-1d8dbf6db51c_Original-1-e1615285136767.jpg&quot;},{&quot;id&quot;:791,&quot;url&quot;:&quot;https:\\\/\\\/carryyou.es\\\/wp-content\\\/uploads\\\/2021\\\/03\\\/AlbayJuanqui0620-1-1.jpg&quot;},{&quot;id&quot;:551,&quot;url&quot;:&quot;https:\\\/\\\/carryyou.es\\\/wp-content\\\/uploads\\\/2021\\\/03\\\/AlbayJuanqui0599-scaled-e1615281786596.jpg&quot;},{&quot;id&quot;:771,&quot;url&quot;:&quot;https:\\\/\\\/carryyou.es\\\/wp-content\\\/uploads\\\/2021\\\/03\\\/10312fd5-1e8a-4aed-b9b2-1e907e298f37.jpg&quot;}],&quot;background_slideshow_slide_duration&quot;:3000,&quot;background_slideshow_loop&quot;:&quot;yes&quot;,&quot;background_slideshow_slide_transition&quot;:&quot;fade&quot;,&quot;background_slideshow_transition_duration&quot;:500}\">\n\t\t\t\t\t\t<div class=\"elementor-container elementor-column-gap-default\">\n\t\t\t\t\t<div class=\"elementor-column elementor-col-100 elementor-top-column elementor-element elementor-element-0fb4d83\" data-id=\"0fb4d83\" data-element_type=\"column\">\n\t\t\t<div class=\"elementor-widget-wrap\">\n\t\t\t\t\t\t\t\t\t<\/div>\n\t\t<\/div>\n\t\t\t\t\t\t\t<\/div>\n\t\t<\/section>\n\t\t\t\t<section class=\"elementor-section elementor-top-section elementor-element elementor-element-3ba4187 elementor-section-boxed elementor-section-height-default elementor-section-height-default\" data-id=\"3ba4187\" data-element_type=\"section\" data-settings=\"{&quot;background_background&quot;:&quot;classic&quot;}\">\n\t\t\t\t\t\t<div class=\"elementor-container elementor-column-gap-default\">\n\t\t\t\t\t<div class=\"elementor-column elementor-col-100 elementor-top-column elementor-element elementor-element-d3d888e\" data-id=\"d3d888e\" data-element_type=\"column\" data-settings=\"{&quot;background_background&quot;:&quot;classic&quot;}\">\n\t\t\t<div class=\"elementor-widget-wrap elementor-element-populated\">\n\t\t\t\t\t\t\t\t<section class=\"elementor-section elementor-inner-section elementor-element elementor-element-b09faed elementor-section-boxed elementor-section-height-default elementor-section-height-default\" data-id=\"b09faed\" data-element_type=\"section\">\n\t\t\t\t\t\t<div class=\"elementor-container elementor-column-gap-default\">\n\t\t\t\t\t<div class=\"elementor-column elementor-col-100 elementor-inner-column elementor-element elementor-element-9c69101\" data-id=\"9c69101\" data-element_type=\"column\">\n\t\t\t<div class=\"elementor-widget-wrap elementor-element-populated\">\n\t\t\t\t\t\t\t\t<div class=\"elementor-element elementor-element-c8e6744 elementor-widget elementor-widget-heading\" data-id=\"c8e6744\" data-element_type=\"widget\" data-widget_type=\"heading.default\">\n\t\t\t\t<div class=\"elementor-widget-container\">\n\t\t\t<h1 class=\"elementor-heading-title elementor-size-xxl\">Veh\u00edculos con L\u00edneas\n\n Cl\u00e1sicas para sorprender en\n\n D\u00edas Especiales<\/h1>\t\t<\/div>\n\t\t\t\t<\/div>\n\t\t\t\t<div class=\"elementor-element elementor-element-b2a4c1b elementor-widget-divider--view-line elementor-widget elementor-widget-divider\" data-id=\"b2a4c1b\" data-element_type=\"widget\" data-widget_type=\"divider.default\">\n\t\t\t\t<div class=\"elementor-widget-container\">\n\t\t\t\t\t<div class=\"elementor-divider\">\n\t\t\t<span class=\"elementor-divider-separator\">\n\t\t\t\t\t\t<\/span>\n\t\t<\/div>\n\t\t\t\t<\/div>\n\t\t\t\t<\/div>\n\t\t\t\t<div class=\"elementor-element elementor-element-fe0618b elementor-widget elementor-widget-text-editor\" data-id=\"fe0618b\" data-element_type=\"widget\" data-widget_type=\"text-editor.default\">\n\t\t\t\t<div class=\"elementor-widget-container\">\n\t\t\t\t\t\t\t<h3><strong><span style=\"font-size: 12pt; font-family: 'Book Antiqua', Palatino;\">VEH\u00cdCULOS MARCA HURTAN INSPIRADOS EN LOS A\u00d1OS 50\u00b4S Y 60\u00b4S<\/span><\/strong><\/h3>\t\t\t\t\t\t<\/div>\n\t\t\t\t<\/div>\n\t\t\t\t\t<\/div>\n\t\t<\/div>\n\t\t\t\t\t\t\t<\/div>\n\t\t<\/section>\n\t\t\t\t\t<\/div>\n\t\t<\/div>\n\t\t\t\t\t\t\t<\/div>\n\t\t<\/section>\n\t\t\t\t<section class=\"elementor-section elementor-top-section elementor-element elementor-element-57926f1 elementor-section-boxed elementor-section-height-default elementor-section-height-default\" data-id=\"57926f1\" data-element_type=\"section\" data-settings=\"{&quot;background_background&quot;:&quot;classic&quot;}\">\n\t\t\t\t\t\t<div class=\"elementor-container elementor-column-gap-default\">\n\t\t\t\t\t<div class=\"elementor-column elementor-col-100 elementor-top-column elementor-element elementor-element-bc237b5\" data-id=\"bc237b5\" data-element_type=\"column\">\n\t\t\t<div class=\"elementor-widget-wrap elementor-element-populated\">\n\t\t\t\t\t\t\t\t<div class=\"elementor-element elementor-element-6780831 elementor-widget elementor-widget-menu-anchor\" data-id=\"6780831\" data-element_type=\"widget\" data-widget_type=\"menu-anchor.default\">\n\t\t\t\t<div class=\"elementor-widget-container\">\n\t\t\t\t\t<div id=\"empresa\" class=\"elementor-menu-anchor\"><\/div>\n\t\t\t\t<\/div>\n\t\t\t\t<\/div>\n\t\t\t\t<section class=\"elementor-section elementor-inner-section elementor-element elementor-element-9517b0f elementor-section-content-middle elementor-section-boxed elementor-section-height-default elementor-section-height-default\" data-id=\"9517b0f\" data-element_type=\"section\">\n\t\t\t\t\t\t<div class=\"elementor-container elementor-column-gap-default\">\n\t\t\t\t\t<div class=\"elementor-column elementor-col-50 elementor-inner-column elementor-element elementor-element-434f58d\" data-id=\"434f58d\" data-element_type=\"column\">\n\t\t\t<div class=\"elementor-widget-wrap elementor-element-populated\">\n\t\t\t\t\t\t\t\t<div class=\"elementor-element elementor-element-31887bc elementor-widget elementor-widget-heading\" data-id=\"31887bc\" data-element_type=\"widget\" data-widget_type=\"heading.default\">\n\t\t\t\t<div class=\"elementor-widget-container\">\n\t\t\t<h2 class=\"elementor-heading-title elementor-size-default\">Nuestra Empresa<\/h2>\t\t<\/div>\n\t\t\t\t<\/div>\n\t\t\t\t<div class=\"elementor-element elementor-element-ea1b373 elementor-widget-divider--view-line elementor-widget elementor-widget-divider\" data-id=\"ea1b373\" data-element_type=\"widget\" data-widget_type=\"divider.default\">\n\t\t\t\t<div class=\"elementor-widget-container\">\n\t\t\t\t\t<div class=\"elementor-divider\">\n\t\t\t<span class=\"elementor-divider-separator\">\n\t\t\t\t\t\t<\/span>\n\t\t<\/div>\n\t\t\t\t<\/div>\n\t\t\t\t<\/div>\n\t\t\t\t<div class=\"elementor-element elementor-element-4037113 elementor-widget elementor-widget-text-editor\" data-id=\"4037113\" data-element_type=\"widget\" data-widget_type=\"text-editor.default\">\n\t\t\t\t<div class=\"elementor-widget-container\">\n\t\t\t\t\t\t\t<p><em><strong>CARRY YOU <\/strong><\/em>es el &#8220;proyecto loco&#8221; de un matrimonio que nace gracias a la pasi\u00f3n por los coches cl\u00e1sicos, la innovaci\u00f3n, las ganas de emprender y fundamentalmente a la experiencia tan maravillosa que tuvieron el d\u00eda de su boda a bordo de un espectacular Hurtan.<\/p><p style=\"text-align: center;\"><span style=\"color: #521700;\"><strong><em>&#8220;Despu\u00e9s de momentos m\u00e1gicos quedan recuerdos inolvidables&#8221;<\/em><\/strong><\/span><\/p>\t\t\t\t\t\t<\/div>\n\t\t\t\t<\/div>\n\t\t\t\t<div class=\"elementor-element elementor-element-10c0e34 elementor-widget elementor-widget-text-editor\" data-id=\"10c0e34\" data-element_type=\"widget\" data-widget_type=\"text-editor.default\">\n\t\t\t\t<div class=\"elementor-widget-container\">\n\t\t\t\t\t\t\t<p><em><strong>Carry You<\/strong><\/em> dar\u00e1 el toque de elegancia y distinci\u00f3n a ese d\u00eda tan especial. A d\u00eda de hoy somos una de las empresas mejor valoradas en el sector, trabajando y mejorando para superarnos cada d\u00eda.<\/p>\t\t\t\t\t\t<\/div>\n\t\t\t\t<\/div>\n\t\t\t\t<div class=\"elementor-element elementor-element-9e160c6 elementor-align-left elementor-widget elementor-widget-button\" data-id=\"9e160c6\" data-element_type=\"widget\" data-widget_type=\"button.default\">\n\t\t\t\t<div class=\"elementor-widget-container\">\n\t\t\t\t\t<div class=\"elementor-button-wrapper\">\n\t\t\t<a href=\"https:\/\/carryyou.es\/index.php\/servicios\/\" class=\"elementor-button-link elementor-button elementor-size-lg\" role=\"button\">\n\t\t\t\t\t\t<span class=\"elementor-button-content-wrapper\">\n\t\t\t\t\t\t<span class=\"elementor-button-text\">+ INFO<\/span>\n\t\t<\/span>\n\t\t\t\t\t<\/a>\n\t\t<\/div>\n\t\t\t\t<\/div>\n\t\t\t\t<\/div>\n\t\t\t\t\t<\/div>\n\t\t<\/div>\n\t\t\t\t<div class=\"elementor-column elementor-col-50 elementor-inner-column elementor-element elementor-element-85d8a6b\" data-id=\"85d8a6b\" data-element_type=\"column\">\n\t\t\t<div class=\"elementor-widget-wrap elementor-element-populated\">\n\t\t\t\t\t\t\t\t<div class=\"elementor-element elementor-element-139f1e1 elementor-widget elementor-widget-image\" data-id=\"139f1e1\" data-element_type=\"widget\" data-widget_type=\"image.default\">\n\t\t\t\t<div class=\"elementor-widget-container\">\n\t\t\t\t\t\t\t\t\t\t\t\t\t\t\t<img loading=\"lazy\" decoding=\"async\" width=\"561\" height=\"577\" src=\"https:\/\/carryyou.es\/wp-content\/uploads\/2021\/03\/FOTO-HUMO-PORTADA.png\" class=\"attachment-large size-large\" alt=\"\" srcset=\"https:\/\/carryyou.es\/wp-content\/uploads\/2021\/03\/FOTO-HUMO-PORTADA.png 561w, https:\/\/carryyou.es\/wp-content\/uploads\/2021\/03\/FOTO-HUMO-PORTADA-292x300.png 292w, https:\/\/carryyou.es\/wp-content\/uploads\/2021\/03\/FOTO-HUMO-PORTADA-24x24.png 24w, https:\/\/carryyou.es\/wp-content\/uploads\/2021\/03\/FOTO-HUMO-PORTADA-36x36.png 36w, https:\/\/carryyou.es\/wp-content\/uploads\/2021\/03\/FOTO-HUMO-PORTADA-48x48.png 48w\" sizes=\"(max-width: 561px) 100vw, 561px\" \/>\t\t\t\t\t\t\t\t\t\t\t\t\t\t\t<\/div>\n\t\t\t\t<\/div>\n\t\t\t\t\t<\/div>\n\t\t<\/div>\n\t\t\t\t\t\t\t<\/div>\n\t\t<\/section>\n\t\t\t\t<div class=\"elementor-element elementor-element-46fd70b elementor-widget elementor-widget-spacer\" data-id=\"46fd70b\" data-element_type=\"widget\" data-widget_type=\"spacer.default\">\n\t\t\t\t<div class=\"elementor-widget-container\">\n\t\t\t\t\t<div class=\"elementor-spacer\">\n\t\t\t<div class=\"elementor-spacer-inner\"><\/div>\n\t\t<\/div>\n\t\t\t\t<\/div>\n\t\t\t\t<\/div>\n\t\t\t\t\t<\/div>\n\t\t<\/div>\n\t\t\t\t\t\t\t<\/div>\n\t\t<\/section>\n\t\t\t\t\t\t\t<\/div>\n\t\t ","protected":false},"excerpt":{"rendered":"<p>Veh\u00edculos con L\u00edneas Cl\u00e1sicas para sorprender en D\u00edas Especiales VEH\u00cdCULOS MARCA HURTAN INSPIRADOS EN LOS A\u00d1OS 50\u00b4S Y 60\u00b4S Nuestra Empresa CARRY YOU es el &#8220;proyecto loco&#8221; de un matrimonio que nace gracias a la pasi\u00f3n por los coches cl\u00e1sicos, la innovaci\u00f3n, las ganas de emprender y fundamentalmente a la experiencia tan maravillosa que tuvieron&hellip;&nbsp;<a href=\"https:\/\/carryyou.es\/\" class=\"\" rel=\"bookmark\">Leer m\u00e1s &raquo;<span class=\"screen-reader-text\">Home<\/span><\/a><\/p>\n","protected":false},"author":1,"featured_media":0,"parent":0,"menu_order":0,"comment_status":"closed","ping_status":"closed","template":"page-templates\/template-pagebuilder-full-width.php","meta":{"neve_meta_sidebar":"","neve_meta_container":"","neve_meta_enable_content_width":"","neve_meta_content_width":70,"neve_meta_title_alignment":"","neve_meta_author_avatar":"","neve_post_elements_order":"","neve_meta_disable_header":"","neve_meta_disable_footer":"","neve_meta_disable_title":"","_ti_tpc_template_sync":false,"_ti_tpc_template_id":"","footnotes":""},"_links":{"self":[{"href":"https:\/\/carryyou.es\/index.php\/wp-json\/wp\/v2\/pages\/118"}],"collection":[{"href":"https:\/\/carryyou.es\/index.php\/wp-json\/wp\/v2\/pages"}],"about":[{"href":"https:\/\/carryyou.es\/index.php\/wp-json\/wp\/v2\/types\/page"}],"author":[{"embeddable":true,"href":"https:\/\/carryyou.es\/index.php\/wp-json\/wp\/v2\/users\/1"}],"replies":[{"embeddable":true,"href":"https:\/\/carryyou.es\/index.php\/wp-json\/wp\/v2\/comments?post=118"}],"version-history":[{"count":255,"href":"https:\/\/carryyou.es\/index.php\/wp-json\/wp\/v2\/pages\/118\/revisions"}],"predecessor-version":[{"id":962,"href":"https:\/\/carryyou.es\/index.php\/wp-json\/wp\/v2\/pages\/118\/revisions\/962"}],"wp:attachment":[{"href":"https:\/\/carryyou.es\/index.php\/wp-json\/wp\/v2\/media?parent=118"}],"curies":[{"name":"wp","href":"https:\/\/api.w.org\/{rel}","templated":true}]}}